{"id":1057,"date":"2025-10-06T20:54:35","date_gmt":"2025-10-06T20:54:35","guid":{"rendered":"https:\/\/emiexperiencedubai.com\/?post_type=product&#038;p=1057"},"modified":"2025-10-22T13:51:08","modified_gmt":"2025-10-22T13:51:08","slug":"ifly-dubai","status":"publish","type":"product","link":"https:\/\/emiexperiencedubai.com\/en\/product\/ifly-dubai\/","title":{"rendered":"iFly Dubai"},"content":{"rendered":"<p>Dubai is a popular destination for skydiving. However, if you're not sold on the idea of jumping from a plane thousands of feet in the air, you might be interested in the idea of doing it in a safer environment. iFly Dubai is the first skydiving center in the UAE where you can experience skydiving in an enclosed space.<\/p>\n<p>Located on the third floor of the Play Nation Area in Mirdif, iFly is perfect for kids (over three years old) and adults looking for adventure. With our iFly Dubai tour package, you get tickets and the opportunity to go skydiving. Before jumping into the vertical glass wind tunnel, you will receive a 20-minute briefing by an expert. All flight equipment, including flight suit, helmet, goggles and disposable socks, is included in the ticket.<\/p>","protected":false},"excerpt":{"rendered":"<p>Si a\u00fan no te sientes seguro, te alegrar\u00e1 saber que un instructor te guiar\u00e1 durante toda tu estancia en el t\u00fanel. Se tomar\u00e1n fotos y v\u00eddeos durante la sesi\u00f3n. Sin embargo, tendr\u00edas que pagar extra si los quieres.<\/p>","protected":false},"featured_media":1058,"comment_status":"open","ping_status":"closed","template":"","meta":{"_joinchat":[]},"product_brand":[],"product_cat":[24],"product_tag":[],"class_list":{"0":"post-1057","1":"product","2":"type-product","3":"status-publish","4":"has-post-thumbnail","6":"product_cat-dubai","8":"first","9":"instock","10":"shipping-taxable","11":"purchasable","12":"product-type-simple"},"exclude_global_add_ons":false,"addons":[{"name":"Select Estimated Date","type":"datepicker","position":1,"required":false,"title_format":"label","default":"","description_enable":false,"description":"","placeholder_enable":false,"placeholder":"","display":"select","restrictions_type":"any_text","adjust_price":false,"price":"","price_type":"flat_fee","restrictions":false,"min":"0","max":"0","options":[],"id":1758639573},{"name":"Tell us more","type":"custom_textarea","position":2,"required":false,"title_format":"label","default":"","description_enable":false,"description":"","placeholder_enable":false,"placeholder":"","display":"select","restrictions_type":"any_text","adjust_price":false,"price":"","price_type":"flat_fee","restrictions":false,"min":"0","max":"0","options":[],"id":1758639575}],"yoast_head":"<!-- This site is optimized with the Yoast SEO plugin v27.4 - https:\/\/yoast.com\/product\/yoast-seo-wordpress\/ -->\n<title>iFly Dubai | Emi Experience<\/title>\n<meta name=\"description\" content=\"iFly Dubai , una experiencia inolvidable, hazla realidad con Emi Experience.\" \/>\n<meta name=\"robots\" content=\"index, follow, max-snippet:-1, max-image-preview:large, max-video-preview:-1\" \/>\n<link rel=\"canonical\" href=\"https:\/\/emiexperiencedubai.com\/en\/product\/ifly-dubai\/\" \/>\n<meta property=\"og:locale\" content=\"en_US\" \/>\n<meta property=\"og:type\" content=\"article\" \/>\n<meta property=\"og:title\" content=\"iFly Dubai | Emi Experience\" \/>\n<meta property=\"og:description\" content=\"iFly Dubai , una experiencia inolvidable, hazla realidad con Emi Experience.\" \/>\n<meta property=\"og:url\" content=\"https:\/\/emiexperiencedubai.com\/en\/product\/ifly-dubai\/\" \/>\n<meta property=\"og:site_name\" content=\"Emi Experience\" \/>\n<meta property=\"article:modified_time\" content=\"2025-10-22T13:51:08+00:00\" \/>\n<meta property=\"og:image\" content=\"https:\/\/emiexperiencedubai.com\/wp-content\/uploads\/2025\/09\/EmiExperience_Web_Back1.png\" \/>\n\t<meta property=\"og:image:width\" content=\"1220\" \/>\n\t<meta property=\"og:image:height\" content=\"831\" \/>\n\t<meta property=\"og:image:type\" content=\"image\/png\" \/>\n<meta name=\"twitter:card\" content=\"summary_large_image\" \/>\n<meta name=\"twitter:label1\" content=\"Est. reading time\" \/>\n\t<meta name=\"twitter:data1\" content=\"1 minute\" \/>\n<script type=\"application\/ld+json\" class=\"yoast-schema-graph\">{\"@context\":\"https:\\\/\\\/schema.org\",\"@graph\":[{\"@type\":\"WebPage\",\"@id\":\"https:\\\/\\\/emiexperiencedubai.com\\\/product\\\/ifly-dubai\\\/\",\"url\":\"https:\\\/\\\/emiexperiencedubai.com\\\/product\\\/ifly-dubai\\\/\",\"name\":\"iFly Dubai | Emi Experience\",\"isPartOf\":{\"@id\":\"https:\\\/\\\/emiexperiencedubai.com\\\/#website\"},\"primaryImageOfPage\":{\"@id\":\"https:\\\/\\\/emiexperiencedubai.com\\\/product\\\/ifly-dubai\\\/#primaryimage\"},\"image\":{\"@id\":\"https:\\\/\\\/emiexperiencedubai.com\\\/product\\\/ifly-dubai\\\/#primaryimage\"},\"thumbnailUrl\":\"https:\\\/\\\/emiexperiencedubai.com\\\/wp-content\\\/uploads\\\/2025\\\/10\\\/Ifly_Dubai-scaled.avif\",\"datePublished\":\"2025-10-06T20:54:35+00:00\",\"dateModified\":\"2025-10-22T13:51:08+00:00\",\"description\":\"iFly Dubai , una experiencia inolvidable, hazla realidad con Emi Experience.\",\"breadcrumb\":{\"@id\":\"https:\\\/\\\/emiexperiencedubai.com\\\/product\\\/ifly-dubai\\\/#breadcrumb\"},\"inLanguage\":\"en-US\",\"potentialAction\":[{\"@type\":\"ReadAction\",\"target\":[\"https:\\\/\\\/emiexperiencedubai.com\\\/product\\\/ifly-dubai\\\/\"]}]},{\"@type\":\"ImageObject\",\"inLanguage\":\"en-US\",\"@id\":\"https:\\\/\\\/emiexperiencedubai.com\\\/product\\\/ifly-dubai\\\/#primaryimage\",\"url\":\"https:\\\/\\\/emiexperiencedubai.com\\\/wp-content\\\/uploads\\\/2025\\\/10\\\/Ifly_Dubai-scaled.avif\",\"contentUrl\":\"https:\\\/\\\/emiexperiencedubai.com\\\/wp-content\\\/uploads\\\/2025\\\/10\\\/Ifly_Dubai-scaled.avif\",\"width\":2560,\"height\":1707},{\"@type\":\"BreadcrumbList\",\"@id\":\"https:\\\/\\\/emiexperiencedubai.com\\\/product\\\/ifly-dubai\\\/#breadcrumb\",\"itemListElement\":[{\"@type\":\"ListItem\",\"position\":1,\"name\":\"Portada\",\"item\":\"https:\\\/\\\/emiexperiencedubai.com\\\/\"},{\"@type\":\"ListItem\",\"position\":2,\"name\":\"Shop\",\"item\":\"https:\\\/\\\/emiexperiencedubai.com\\\/shop\\\/\"},{\"@type\":\"ListItem\",\"position\":3,\"name\":\"iFly Dubai\"}]},{\"@type\":\"WebSite\",\"@id\":\"https:\\\/\\\/emiexperiencedubai.com\\\/#website\",\"url\":\"https:\\\/\\\/emiexperiencedubai.com\\\/\",\"name\":\"Emi Experience - Dubai\",\"description\":\"Mucho m\u00e1s que Viajar vive una experiencia\",\"publisher\":{\"@id\":\"https:\\\/\\\/emiexperiencedubai.com\\\/#organization\"},\"alternateName\":\"Emi Experience\",\"potentialAction\":[{\"@type\":\"SearchAction\",\"target\":{\"@type\":\"EntryPoint\",\"urlTemplate\":\"https:\\\/\\\/emiexperiencedubai.com\\\/?s={search_term_string}\"},\"query-input\":{\"@type\":\"PropertyValueSpecification\",\"valueRequired\":true,\"valueName\":\"search_term_string\"}}],\"inLanguage\":\"en-US\"},{\"@type\":\"Organization\",\"@id\":\"https:\\\/\\\/emiexperiencedubai.com\\\/#organization\",\"name\":\"Emi Experience\",\"url\":\"https:\\\/\\\/emiexperiencedubai.com\\\/\",\"logo\":{\"@type\":\"ImageObject\",\"inLanguage\":\"en-US\",\"@id\":\"https:\\\/\\\/emiexperiencedubai.com\\\/#\\\/schema\\\/logo\\\/image\\\/\",\"url\":\"https:\\\/\\\/emiexperiencedubai.com\\\/wp-content\\\/uploads\\\/2025\\\/07\\\/FaviconEmiExp.png\",\"contentUrl\":\"https:\\\/\\\/emiexperiencedubai.com\\\/wp-content\\\/uploads\\\/2025\\\/07\\\/FaviconEmiExp.png\",\"width\":600,\"height\":600,\"caption\":\"Emi Experience\"},\"image\":{\"@id\":\"https:\\\/\\\/emiexperiencedubai.com\\\/#\\\/schema\\\/logo\\\/image\\\/\"},\"sameAs\":[\"https:\\\/\\\/www.instagram.com\\\/emi_experience_dubai\\\/\"]}]}<\/script>\n<!-- \/ Yoast SEO plugin. -->","yoast_head_json":{"title":"iFly Dubai | Emi Experience","description":"iFly Dubai , una experiencia inolvidable, hazla realidad con Emi Experience.","robots":{"index":"index","follow":"follow","max-snippet":"max-snippet:-1","max-image-preview":"max-image-preview:large","max-video-preview":"max-video-preview:-1"},"canonical":"https:\/\/emiexperiencedubai.com\/en\/product\/ifly-dubai\/","og_locale":"en_US","og_type":"article","og_title":"iFly Dubai | Emi Experience","og_description":"iFly Dubai , una experiencia inolvidable, hazla realidad con Emi Experience.","og_url":"https:\/\/emiexperiencedubai.com\/en\/product\/ifly-dubai\/","og_site_name":"Emi Experience","article_modified_time":"2025-10-22T13:51:08+00:00","og_image":[{"width":1220,"height":831,"url":"https:\/\/emiexperiencedubai.com\/wp-content\/uploads\/2025\/09\/EmiExperience_Web_Back1.png","type":"image\/png"}],"twitter_card":"summary_large_image","twitter_misc":{"Est. reading time":"1 minute"},"schema":{"@context":"https:\/\/schema.org","@graph":[{"@type":"WebPage","@id":"https:\/\/emiexperiencedubai.com\/product\/ifly-dubai\/","url":"https:\/\/emiexperiencedubai.com\/product\/ifly-dubai\/","name":"iFly Dubai | Emi Experience","isPartOf":{"@id":"https:\/\/emiexperiencedubai.com\/#website"},"primaryImageOfPage":{"@id":"https:\/\/emiexperiencedubai.com\/product\/ifly-dubai\/#primaryimage"},"image":{"@id":"https:\/\/emiexperiencedubai.com\/product\/ifly-dubai\/#primaryimage"},"thumbnailUrl":"https:\/\/emiexperiencedubai.com\/wp-content\/uploads\/2025\/10\/Ifly_Dubai-scaled.avif","datePublished":"2025-10-06T20:54:35+00:00","dateModified":"2025-10-22T13:51:08+00:00","description":"iFly Dubai , una experiencia inolvidable, hazla realidad con Emi Experience.","breadcrumb":{"@id":"https:\/\/emiexperiencedubai.com\/product\/ifly-dubai\/#breadcrumb"},"inLanguage":"en-US","potentialAction":[{"@type":"ReadAction","target":["https:\/\/emiexperiencedubai.com\/product\/ifly-dubai\/"]}]},{"@type":"ImageObject","inLanguage":"en-US","@id":"https:\/\/emiexperiencedubai.com\/product\/ifly-dubai\/#primaryimage","url":"https:\/\/emiexperiencedubai.com\/wp-content\/uploads\/2025\/10\/Ifly_Dubai-scaled.avif","contentUrl":"https:\/\/emiexperiencedubai.com\/wp-content\/uploads\/2025\/10\/Ifly_Dubai-scaled.avif","width":2560,"height":1707},{"@type":"BreadcrumbList","@id":"https:\/\/emiexperiencedubai.com\/product\/ifly-dubai\/#breadcrumb","itemListElement":[{"@type":"ListItem","position":1,"name":"Portada","item":"https:\/\/emiexperiencedubai.com\/"},{"@type":"ListItem","position":2,"name":"Shop","item":"https:\/\/emiexperiencedubai.com\/shop\/"},{"@type":"ListItem","position":3,"name":"iFly Dubai"}]},{"@type":"WebSite","@id":"https:\/\/emiexperiencedubai.com\/#website","url":"https:\/\/emiexperiencedubai.com\/","name":"Emi Experience - Dubai","description":"Mucho m\u00e1s que Viajar vive una experiencia","publisher":{"@id":"https:\/\/emiexperiencedubai.com\/#organization"},"alternateName":"Emi Experience","potentialAction":[{"@type":"SearchAction","target":{"@type":"EntryPoint","urlTemplate":"https:\/\/emiexperiencedubai.com\/?s={search_term_string}"},"query-input":{"@type":"PropertyValueSpecification","valueRequired":true,"valueName":"search_term_string"}}],"inLanguage":"en-US"},{"@type":"Organization","@id":"https:\/\/emiexperiencedubai.com\/#organization","name":"Emi Experience","url":"https:\/\/emiexperiencedubai.com\/","logo":{"@type":"ImageObject","inLanguage":"en-US","@id":"https:\/\/emiexperiencedubai.com\/#\/schema\/logo\/image\/","url":"https:\/\/emiexperiencedubai.com\/wp-content\/uploads\/2025\/07\/FaviconEmiExp.png","contentUrl":"https:\/\/emiexperiencedubai.com\/wp-content\/uploads\/2025\/07\/FaviconEmiExp.png","width":600,"height":600,"caption":"Emi Experience"},"image":{"@id":"https:\/\/emiexperiencedubai.com\/#\/schema\/logo\/image\/"},"sameAs":["https:\/\/www.instagram.com\/emi_experience_dubai\/"]}]}},"_links":{"self":[{"href":"https:\/\/emiexperiencedubai.com\/en\/wp-json\/wp\/v2\/product\/1057","targetHints":{"allow":["GET"]}}],"collection":[{"href":"https:\/\/emiexperiencedubai.com\/en\/wp-json\/wp\/v2\/product"}],"about":[{"href":"https:\/\/emiexperiencedubai.com\/en\/wp-json\/wp\/v2\/types\/product"}],"replies":[{"embeddable":true,"href":"https:\/\/emiexperiencedubai.com\/en\/wp-json\/wp\/v2\/comments?post=1057"}],"wp:featuredmedia":[{"embeddable":true,"href":"https:\/\/emiexperiencedubai.com\/en\/wp-json\/wp\/v2\/media\/1058"}],"wp:attachment":[{"href":"https:\/\/emiexperiencedubai.com\/en\/wp-json\/wp\/v2\/media?parent=1057"}],"wp:term":[{"taxonomy":"product_brand","embeddable":true,"href":"https:\/\/emiexperiencedubai.com\/en\/wp-json\/wp\/v2\/product_brand?post=1057"},{"taxonomy":"product_cat","embeddable":true,"href":"https:\/\/emiexperiencedubai.com\/en\/wp-json\/wp\/v2\/product_cat?post=1057"},{"taxonomy":"product_tag","embeddable":true,"href":"https:\/\/emiexperiencedubai.com\/en\/wp-json\/wp\/v2\/product_tag?post=1057"}],"curies":[{"name":"wp","href":"https:\/\/api.w.org\/{rel}","templated":true}]}}