{"id":1073,"date":"2025-10-06T21:43:35","date_gmt":"2025-10-06T21:43:35","guid":{"rendered":"https:\/\/emiexperiencedubai.com\/?post_type=product&#038;p=1073"},"modified":"2025-10-22T13:51:25","modified_gmt":"2025-10-22T13:51:25","slug":"img-worlds-of-adventures","status":"publish","type":"product","link":"https:\/\/emiexperiencedubai.com\/en\/product\/img-worlds-of-adventures\/","title":{"rendered":"IMG Worlds of Adventures"},"content":{"rendered":"<p>IMG Worlds of Adventure is one of the world's largest indoor theme parks, located in Dubai. With multiple themed zones, it offers an exciting combination of attractions and experiences. Visitors can immerse themselves in the Marvel Zone, where they will find thrilling rides based on iconic superheroes, or visit the Cartoon Network Zone to enjoy adventures with their favorite animated characters. The Lost Valley - Dinosaur Adventure transports guests to a prehistoric world with life-size dinosaurs and thrilling roller coasters, while IMG Boulevard offers a variety of dining and shopping options, including the spooky Haunted Hotel. With its climate-controlled atmosphere, IMG Worlds of Adventure guarantees year-round fun for families and thrill-seekers alike.<\/p>","protected":false},"excerpt":{"rendered":"<p>IMG Worlds of Adventure es uno de los parques tem\u00e1ticos cubiertos m\u00e1s grandes del mundo, ubicado en Dub\u00e1i.<\/p>","protected":false},"featured_media":1074,"comment_status":"open","ping_status":"closed","template":"","meta":{"_joinchat":[]},"product_brand":[],"product_cat":[24],"product_tag":[],"class_list":{"0":"post-1073","1":"product","2":"type-product","3":"status-publish","4":"has-post-thumbnail","6":"product_cat-dubai","8":"first","9":"instock","10":"shipping-taxable","11":"purchasable","12":"product-type-simple"},"exclude_global_add_ons":false,"addons":[{"name":"Select Estimated Date","type":"datepicker","position":1,"required":false,"title_format":"label","default":"","description_enable":false,"description":"","placeholder_enable":false,"placeholder":"","display":"select","restrictions_type":"any_text","adjust_price":false,"price":"","price_type":"flat_fee","restrictions":false,"min":"0","max":"0","options":[],"id":1758639573},{"name":"Tell us more","type":"custom_textarea","position":2,"required":false,"title_format":"label","default":"","description_enable":false,"description":"","placeholder_enable":false,"placeholder":"","display":"select","restrictions_type":"any_text","adjust_price":false,"price":"","price_type":"flat_fee","restrictions":false,"min":"0","max":"0","options":[],"id":1758639575}],"yoast_head":"<!-- This site is optimized with the Yoast SEO plugin v27.4 - https:\/\/yoast.com\/product\/yoast-seo-wordpress\/ -->\n<title>IMG Worlds of Adventures | Emi Experience<\/title>\n<meta name=\"description\" content=\"IMG Worlds of Adventures , una experiencia inolvidable, hazla realidad con Emi Experience.\" \/>\n<meta name=\"robots\" content=\"index, follow, max-snippet:-1, max-image-preview:large, max-video-preview:-1\" \/>\n<link rel=\"canonical\" href=\"https:\/\/emiexperiencedubai.com\/en\/product\/img-worlds-of-adventures\/\" \/>\n<meta property=\"og:locale\" content=\"en_US\" \/>\n<meta property=\"og:type\" content=\"article\" \/>\n<meta property=\"og:title\" content=\"IMG Worlds of Adventures | Emi Experience\" \/>\n<meta property=\"og:description\" content=\"IMG Worlds of Adventures , una experiencia inolvidable, hazla realidad con Emi Experience.\" \/>\n<meta property=\"og:url\" content=\"https:\/\/emiexperiencedubai.com\/en\/product\/img-worlds-of-adventures\/\" \/>\n<meta property=\"og:site_name\" content=\"Emi Experience\" \/>\n<meta property=\"article:modified_time\" content=\"2025-10-22T13:51:25+00:00\" \/>\n<meta property=\"og:image\" content=\"https:\/\/emiexperiencedubai.com\/wp-content\/uploads\/2025\/10\/Img_World_Of_Adventures1.jpg\" \/>\n\t<meta property=\"og:image:width\" content=\"1216\" \/>\n\t<meta property=\"og:image:height\" content=\"912\" \/>\n\t<meta property=\"og:image:type\" content=\"image\/jpeg\" \/>\n<meta name=\"twitter:card\" content=\"summary_large_image\" \/>\n<meta name=\"twitter:label1\" content=\"Est. reading time\" \/>\n\t<meta name=\"twitter:data1\" content=\"1 minute\" \/>\n<script type=\"application\/ld+json\" class=\"yoast-schema-graph\">{\"@context\":\"https:\\\/\\\/schema.org\",\"@graph\":[{\"@type\":\"WebPage\",\"@id\":\"https:\\\/\\\/emiexperiencedubai.com\\\/product\\\/img-worlds-of-adventures\\\/\",\"url\":\"https:\\\/\\\/emiexperiencedubai.com\\\/product\\\/img-worlds-of-adventures\\\/\",\"name\":\"IMG Worlds of Adventures | Emi Experience\",\"isPartOf\":{\"@id\":\"https:\\\/\\\/emiexperiencedubai.com\\\/#website\"},\"primaryImageOfPage\":{\"@id\":\"https:\\\/\\\/emiexperiencedubai.com\\\/product\\\/img-worlds-of-adventures\\\/#primaryimage\"},\"image\":{\"@id\":\"https:\\\/\\\/emiexperiencedubai.com\\\/product\\\/img-worlds-of-adventures\\\/#primaryimage\"},\"thumbnailUrl\":\"https:\\\/\\\/emiexperiencedubai.com\\\/wp-content\\\/uploads\\\/2025\\\/10\\\/Img_World_Of_Adventures1.jpg\",\"datePublished\":\"2025-10-06T21:43:35+00:00\",\"dateModified\":\"2025-10-22T13:51:25+00:00\",\"description\":\"IMG Worlds of Adventures , una experiencia inolvidable, hazla realidad con Emi Experience.\",\"breadcrumb\":{\"@id\":\"https:\\\/\\\/emiexperiencedubai.com\\\/product\\\/img-worlds-of-adventures\\\/#breadcrumb\"},\"inLanguage\":\"en-US\",\"potentialAction\":[{\"@type\":\"ReadAction\",\"target\":[\"https:\\\/\\\/emiexperiencedubai.com\\\/product\\\/img-worlds-of-adventures\\\/\"]}]},{\"@type\":\"ImageObject\",\"inLanguage\":\"en-US\",\"@id\":\"https:\\\/\\\/emiexperiencedubai.com\\\/product\\\/img-worlds-of-adventures\\\/#primaryimage\",\"url\":\"https:\\\/\\\/emiexperiencedubai.com\\\/wp-content\\\/uploads\\\/2025\\\/10\\\/Img_World_Of_Adventures1.jpg\",\"contentUrl\":\"https:\\\/\\\/emiexperiencedubai.com\\\/wp-content\\\/uploads\\\/2025\\\/10\\\/Img_World_Of_Adventures1.jpg\",\"width\":1216,\"height\":912},{\"@type\":\"BreadcrumbList\",\"@id\":\"https:\\\/\\\/emiexperiencedubai.com\\\/product\\\/img-worlds-of-adventures\\\/#breadcrumb\",\"itemListElement\":[{\"@type\":\"ListItem\",\"position\":1,\"name\":\"Portada\",\"item\":\"https:\\\/\\\/emiexperiencedubai.com\\\/\"},{\"@type\":\"ListItem\",\"position\":2,\"name\":\"Shop\",\"item\":\"https:\\\/\\\/emiexperiencedubai.com\\\/shop\\\/\"},{\"@type\":\"ListItem\",\"position\":3,\"name\":\"IMG Worlds of Adventures\"}]},{\"@type\":\"WebSite\",\"@id\":\"https:\\\/\\\/emiexperiencedubai.com\\\/#website\",\"url\":\"https:\\\/\\\/emiexperiencedubai.com\\\/\",\"name\":\"Emi Experience - Dubai\",\"description\":\"Mucho m\u00e1s que Viajar vive una experiencia\",\"publisher\":{\"@id\":\"https:\\\/\\\/emiexperiencedubai.com\\\/#organization\"},\"alternateName\":\"Emi Experience\",\"potentialAction\":[{\"@type\":\"SearchAction\",\"target\":{\"@type\":\"EntryPoint\",\"urlTemplate\":\"https:\\\/\\\/emiexperiencedubai.com\\\/?s={search_term_string}\"},\"query-input\":{\"@type\":\"PropertyValueSpecification\",\"valueRequired\":true,\"valueName\":\"search_term_string\"}}],\"inLanguage\":\"en-US\"},{\"@type\":\"Organization\",\"@id\":\"https:\\\/\\\/emiexperiencedubai.com\\\/#organization\",\"name\":\"Emi Experience\",\"url\":\"https:\\\/\\\/emiexperiencedubai.com\\\/\",\"logo\":{\"@type\":\"ImageObject\",\"inLanguage\":\"en-US\",\"@id\":\"https:\\\/\\\/emiexperiencedubai.com\\\/#\\\/schema\\\/logo\\\/image\\\/\",\"url\":\"https:\\\/\\\/emiexperiencedubai.com\\\/wp-content\\\/uploads\\\/2025\\\/07\\\/FaviconEmiExp.png\",\"contentUrl\":\"https:\\\/\\\/emiexperiencedubai.com\\\/wp-content\\\/uploads\\\/2025\\\/07\\\/FaviconEmiExp.png\",\"width\":600,\"height\":600,\"caption\":\"Emi Experience\"},\"image\":{\"@id\":\"https:\\\/\\\/emiexperiencedubai.com\\\/#\\\/schema\\\/logo\\\/image\\\/\"},\"sameAs\":[\"https:\\\/\\\/www.instagram.com\\\/emi_experience_dubai\\\/\"]}]}<\/script>\n<!-- \/ Yoast SEO plugin. -->","yoast_head_json":{"title":"IMG Worlds of Adventures | Emi Experience","description":"IMG Worlds of Adventures , una experiencia inolvidable, hazla realidad con Emi Experience.","robots":{"index":"index","follow":"follow","max-snippet":"max-snippet:-1","max-image-preview":"max-image-preview:large","max-video-preview":"max-video-preview:-1"},"canonical":"https:\/\/emiexperiencedubai.com\/en\/product\/img-worlds-of-adventures\/","og_locale":"en_US","og_type":"article","og_title":"IMG Worlds of Adventures | Emi Experience","og_description":"IMG Worlds of Adventures , una experiencia inolvidable, hazla realidad con Emi Experience.","og_url":"https:\/\/emiexperiencedubai.com\/en\/product\/img-worlds-of-adventures\/","og_site_name":"Emi Experience","article_modified_time":"2025-10-22T13:51:25+00:00","og_image":[{"width":1216,"height":912,"url":"https:\/\/emiexperiencedubai.com\/wp-content\/uploads\/2025\/10\/Img_World_Of_Adventures1.jpg","type":"image\/jpeg"}],"twitter_card":"summary_large_image","twitter_misc":{"Est. reading time":"1 minute"},"schema":{"@context":"https:\/\/schema.org","@graph":[{"@type":"WebPage","@id":"https:\/\/emiexperiencedubai.com\/product\/img-worlds-of-adventures\/","url":"https:\/\/emiexperiencedubai.com\/product\/img-worlds-of-adventures\/","name":"IMG Worlds of Adventures | Emi Experience","isPartOf":{"@id":"https:\/\/emiexperiencedubai.com\/#website"},"primaryImageOfPage":{"@id":"https:\/\/emiexperiencedubai.com\/product\/img-worlds-of-adventures\/#primaryimage"},"image":{"@id":"https:\/\/emiexperiencedubai.com\/product\/img-worlds-of-adventures\/#primaryimage"},"thumbnailUrl":"https:\/\/emiexperiencedubai.com\/wp-content\/uploads\/2025\/10\/Img_World_Of_Adventures1.jpg","datePublished":"2025-10-06T21:43:35+00:00","dateModified":"2025-10-22T13:51:25+00:00","description":"IMG Worlds of Adventures , una experiencia inolvidable, hazla realidad con Emi Experience.","breadcrumb":{"@id":"https:\/\/emiexperiencedubai.com\/product\/img-worlds-of-adventures\/#breadcrumb"},"inLanguage":"en-US","potentialAction":[{"@type":"ReadAction","target":["https:\/\/emiexperiencedubai.com\/product\/img-worlds-of-adventures\/"]}]},{"@type":"ImageObject","inLanguage":"en-US","@id":"https:\/\/emiexperiencedubai.com\/product\/img-worlds-of-adventures\/#primaryimage","url":"https:\/\/emiexperiencedubai.com\/wp-content\/uploads\/2025\/10\/Img_World_Of_Adventures1.jpg","contentUrl":"https:\/\/emiexperiencedubai.com\/wp-content\/uploads\/2025\/10\/Img_World_Of_Adventures1.jpg","width":1216,"height":912},{"@type":"BreadcrumbList","@id":"https:\/\/emiexperiencedubai.com\/product\/img-worlds-of-adventures\/#breadcrumb","itemListElement":[{"@type":"ListItem","position":1,"name":"Portada","item":"https:\/\/emiexperiencedubai.com\/"},{"@type":"ListItem","position":2,"name":"Shop","item":"https:\/\/emiexperiencedubai.com\/shop\/"},{"@type":"ListItem","position":3,"name":"IMG Worlds of Adventures"}]},{"@type":"WebSite","@id":"https:\/\/emiexperiencedubai.com\/#website","url":"https:\/\/emiexperiencedubai.com\/","name":"Emi Experience - Dubai","description":"Mucho m\u00e1s que Viajar vive una experiencia","publisher":{"@id":"https:\/\/emiexperiencedubai.com\/#organization"},"alternateName":"Emi Experience","potentialAction":[{"@type":"SearchAction","target":{"@type":"EntryPoint","urlTemplate":"https:\/\/emiexperiencedubai.com\/?s={search_term_string}"},"query-input":{"@type":"PropertyValueSpecification","valueRequired":true,"valueName":"search_term_string"}}],"inLanguage":"en-US"},{"@type":"Organization","@id":"https:\/\/emiexperiencedubai.com\/#organization","name":"Emi Experience","url":"https:\/\/emiexperiencedubai.com\/","logo":{"@type":"ImageObject","inLanguage":"en-US","@id":"https:\/\/emiexperiencedubai.com\/#\/schema\/logo\/image\/","url":"https:\/\/emiexperiencedubai.com\/wp-content\/uploads\/2025\/07\/FaviconEmiExp.png","contentUrl":"https:\/\/emiexperiencedubai.com\/wp-content\/uploads\/2025\/07\/FaviconEmiExp.png","width":600,"height":600,"caption":"Emi Experience"},"image":{"@id":"https:\/\/emiexperiencedubai.com\/#\/schema\/logo\/image\/"},"sameAs":["https:\/\/www.instagram.com\/emi_experience_dubai\/"]}]}},"_links":{"self":[{"href":"https:\/\/emiexperiencedubai.com\/en\/wp-json\/wp\/v2\/product\/1073","targetHints":{"allow":["GET"]}}],"collection":[{"href":"https:\/\/emiexperiencedubai.com\/en\/wp-json\/wp\/v2\/product"}],"about":[{"href":"https:\/\/emiexperiencedubai.com\/en\/wp-json\/wp\/v2\/types\/product"}],"replies":[{"embeddable":true,"href":"https:\/\/emiexperiencedubai.com\/en\/wp-json\/wp\/v2\/comments?post=1073"}],"wp:featuredmedia":[{"embeddable":true,"href":"https:\/\/emiexperiencedubai.com\/en\/wp-json\/wp\/v2\/media\/1074"}],"wp:attachment":[{"href":"https:\/\/emiexperiencedubai.com\/en\/wp-json\/wp\/v2\/media?parent=1073"}],"wp:term":[{"taxonomy":"product_brand","embeddable":true,"href":"https:\/\/emiexperiencedubai.com\/en\/wp-json\/wp\/v2\/product_brand?post=1073"},{"taxonomy":"product_cat","embeddable":true,"href":"https:\/\/emiexperiencedubai.com\/en\/wp-json\/wp\/v2\/product_cat?post=1073"},{"taxonomy":"product_tag","embeddable":true,"href":"https:\/\/emiexperiencedubai.com\/en\/wp-json\/wp\/v2\/product_tag?post=1073"}],"curies":[{"name":"wp","href":"https:\/\/api.w.org\/{rel}","templated":true}]}}