{"id":617,"date":"2025-09-24T06:34:02","date_gmt":"2025-09-24T06:34:02","guid":{"rendered":"https:\/\/emiexperiencedubai.com\/?post_type=product&#038;p=617"},"modified":"2025-10-22T13:41:55","modified_gmt":"2025-10-22T13:41:55","slug":"dubai-dolphinarium-open-dated-tickets","status":"publish","type":"product","link":"https:\/\/emiexperiencedubai.com\/en\/product\/dubai-dolphinarium-open-dated-tickets\/","title":{"rendered":"Dubai Dolphinarium Open Dated Tickets"},"content":{"rendered":"<p>Dolphins are said to be the most intelligent mammals, and you can meet them at the Dubai Dolphinarium with us. The Dubai Dolphinarium is the only fully air-conditioned dolphinarium in the city. Equipped with state-of-the-art light and sound technology, this dolphinarium occupies an area of 5000 square meters. The 45-minute dolphin and seal shows are performed in a 180-degree amphitheater. The impressive dolphin and seal shows will delight children and adults alike. You will also have the opportunity to interact directly with these intelligent animals and learn about marine life from our experts and trainers.<\/p>","protected":false},"excerpt":{"rendered":"<p>\u00a1Prep\u00e1rate para momentos inolvidables con entra\u00f1ables mam\u00edferos! Ubicado en pleno parque de la r\u00eda de Dub\u00e1i, el Delfinario de Dub\u00e1i te permite interactuar con delfines mulares y lobos marinos en un entorno inigualable que se asemeja a su h\u00e1bitat natural.<\/p>","protected":false},"featured_media":621,"comment_status":"open","ping_status":"closed","template":"","meta":{"_joinchat":[]},"product_brand":[],"product_cat":[24],"product_tag":[],"class_list":{"0":"post-617","1":"product","2":"type-product","3":"status-publish","4":"has-post-thumbnail","6":"product_cat-dubai","8":"first","9":"instock","10":"shipping-taxable","11":"purchasable","12":"product-type-variable"},"exclude_global_add_ons":false,"addons":[{"name":"Select Estimated Date","type":"datepicker","position":1,"required":false,"title_format":"label","default":"","description_enable":false,"description":"","placeholder_enable":false,"placeholder":"","display":"select","restrictions_type":"any_text","adjust_price":false,"price":"","price_type":"flat_fee","restrictions":false,"min":"0","max":"0","options":[],"id":1758639573},{"name":"Tell us more","type":"custom_textarea","position":2,"required":false,"title_format":"label","default":"","description_enable":false,"description":"","placeholder_enable":false,"placeholder":"","display":"select","restrictions_type":"any_text","adjust_price":false,"price":"","price_type":"flat_fee","restrictions":false,"min":"0","max":"0","options":[],"id":1758639575}],"yoast_head":"<!-- This site is optimized with the Yoast SEO plugin v27.4 - https:\/\/yoast.com\/product\/yoast-seo-wordpress\/ -->\n<title>Dubai Dolphinarium Open Dated Tickets | Emi Experience<\/title>\n<meta name=\"description\" content=\"Dubai Dolphinarium Open Dated Tickets , una experiencia inolvidable, hazla realidad con Emi Experience.\" \/>\n<meta name=\"robots\" content=\"index, follow, max-snippet:-1, max-image-preview:large, max-video-preview:-1\" \/>\n<link rel=\"canonical\" href=\"https:\/\/emiexperiencedubai.com\/en\/product\/dubai-dolphinarium-open-dated-tickets\/\" \/>\n<meta property=\"og:locale\" content=\"en_US\" \/>\n<meta property=\"og:type\" content=\"article\" \/>\n<meta property=\"og:title\" content=\"Dubai Dolphinarium Open Dated Tickets | Emi Experience\" \/>\n<meta property=\"og:description\" content=\"Dubai Dolphinarium Open Dated Tickets , una experiencia inolvidable, hazla realidad con Emi Experience.\" \/>\n<meta property=\"og:url\" content=\"https:\/\/emiexperiencedubai.com\/en\/product\/dubai-dolphinarium-open-dated-tickets\/\" \/>\n<meta property=\"og:site_name\" content=\"Emi Experience\" \/>\n<meta property=\"article:modified_time\" content=\"2025-10-22T13:41:55+00:00\" \/>\n<meta property=\"og:image\" content=\"https:\/\/emiexperiencedubai.com\/wp-content\/uploads\/2025\/09\/EmiExperience_Web_Back1.png\" \/>\n\t<meta property=\"og:image:width\" content=\"1220\" \/>\n\t<meta property=\"og:image:height\" content=\"831\" \/>\n\t<meta property=\"og:image:type\" content=\"image\/png\" \/>\n<meta name=\"twitter:card\" content=\"summary_large_image\" \/>\n<meta name=\"twitter:label1\" content=\"Est. reading time\" \/>\n\t<meta name=\"twitter:data1\" content=\"1 minute\" \/>\n<script type=\"application\/ld+json\" class=\"yoast-schema-graph\">{\"@context\":\"https:\\\/\\\/schema.org\",\"@graph\":[{\"@type\":\"WebPage\",\"@id\":\"https:\\\/\\\/emiexperiencedubai.com\\\/product\\\/dubai-dolphinarium-open-dated-tickets\\\/\",\"url\":\"https:\\\/\\\/emiexperiencedubai.com\\\/product\\\/dubai-dolphinarium-open-dated-tickets\\\/\",\"name\":\"Dubai Dolphinarium Open Dated Tickets | Emi Experience\",\"isPartOf\":{\"@id\":\"https:\\\/\\\/emiexperiencedubai.com\\\/#website\"},\"primaryImageOfPage\":{\"@id\":\"https:\\\/\\\/emiexperiencedubai.com\\\/product\\\/dubai-dolphinarium-open-dated-tickets\\\/#primaryimage\"},\"image\":{\"@id\":\"https:\\\/\\\/emiexperiencedubai.com\\\/product\\\/dubai-dolphinarium-open-dated-tickets\\\/#primaryimage\"},\"thumbnailUrl\":\"https:\\\/\\\/emiexperiencedubai.com\\\/wp-content\\\/uploads\\\/2025\\\/09\\\/Dolphinarium-2-scaled.avif\",\"datePublished\":\"2025-09-24T06:34:02+00:00\",\"dateModified\":\"2025-10-22T13:41:55+00:00\",\"description\":\"Dubai Dolphinarium Open Dated Tickets , una experiencia inolvidable, hazla realidad con Emi Experience.\",\"breadcrumb\":{\"@id\":\"https:\\\/\\\/emiexperiencedubai.com\\\/product\\\/dubai-dolphinarium-open-dated-tickets\\\/#breadcrumb\"},\"inLanguage\":\"en-US\",\"potentialAction\":[{\"@type\":\"ReadAction\",\"target\":[\"https:\\\/\\\/emiexperiencedubai.com\\\/product\\\/dubai-dolphinarium-open-dated-tickets\\\/\"]}]},{\"@type\":\"ImageObject\",\"inLanguage\":\"en-US\",\"@id\":\"https:\\\/\\\/emiexperiencedubai.com\\\/product\\\/dubai-dolphinarium-open-dated-tickets\\\/#primaryimage\",\"url\":\"https:\\\/\\\/emiexperiencedubai.com\\\/wp-content\\\/uploads\\\/2025\\\/09\\\/Dolphinarium-2-scaled.avif\",\"contentUrl\":\"https:\\\/\\\/emiexperiencedubai.com\\\/wp-content\\\/uploads\\\/2025\\\/09\\\/Dolphinarium-2-scaled.avif\",\"width\":2560,\"height\":1821},{\"@type\":\"BreadcrumbList\",\"@id\":\"https:\\\/\\\/emiexperiencedubai.com\\\/product\\\/dubai-dolphinarium-open-dated-tickets\\\/#breadcrumb\",\"itemListElement\":[{\"@type\":\"ListItem\",\"position\":1,\"name\":\"Portada\",\"item\":\"https:\\\/\\\/emiexperiencedubai.com\\\/\"},{\"@type\":\"ListItem\",\"position\":2,\"name\":\"Shop\",\"item\":\"https:\\\/\\\/emiexperiencedubai.com\\\/shop\\\/\"},{\"@type\":\"ListItem\",\"position\":3,\"name\":\"Dubai Dolphinarium Open Dated Tickets\"}]},{\"@type\":\"WebSite\",\"@id\":\"https:\\\/\\\/emiexperiencedubai.com\\\/#website\",\"url\":\"https:\\\/\\\/emiexperiencedubai.com\\\/\",\"name\":\"Emi Experience - Dubai\",\"description\":\"Mucho m\u00e1s que Viajar vive una experiencia\",\"publisher\":{\"@id\":\"https:\\\/\\\/emiexperiencedubai.com\\\/#organization\"},\"alternateName\":\"Emi Experience\",\"potentialAction\":[{\"@type\":\"SearchAction\",\"target\":{\"@type\":\"EntryPoint\",\"urlTemplate\":\"https:\\\/\\\/emiexperiencedubai.com\\\/?s={search_term_string}\"},\"query-input\":{\"@type\":\"PropertyValueSpecification\",\"valueRequired\":true,\"valueName\":\"search_term_string\"}}],\"inLanguage\":\"en-US\"},{\"@type\":\"Organization\",\"@id\":\"https:\\\/\\\/emiexperiencedubai.com\\\/#organization\",\"name\":\"Emi Experience\",\"url\":\"https:\\\/\\\/emiexperiencedubai.com\\\/\",\"logo\":{\"@type\":\"ImageObject\",\"inLanguage\":\"en-US\",\"@id\":\"https:\\\/\\\/emiexperiencedubai.com\\\/#\\\/schema\\\/logo\\\/image\\\/\",\"url\":\"https:\\\/\\\/emiexperiencedubai.com\\\/wp-content\\\/uploads\\\/2025\\\/07\\\/FaviconEmiExp.png\",\"contentUrl\":\"https:\\\/\\\/emiexperiencedubai.com\\\/wp-content\\\/uploads\\\/2025\\\/07\\\/FaviconEmiExp.png\",\"width\":600,\"height\":600,\"caption\":\"Emi Experience\"},\"image\":{\"@id\":\"https:\\\/\\\/emiexperiencedubai.com\\\/#\\\/schema\\\/logo\\\/image\\\/\"},\"sameAs\":[\"https:\\\/\\\/www.instagram.com\\\/emi_experience_dubai\\\/\"]}]}<\/script>\n<!-- \/ Yoast SEO plugin. -->","yoast_head_json":{"title":"Dubai Dolphinarium Open Dated Tickets | Emi Experience","description":"Dubai Dolphinarium Open Dated Tickets , una experiencia inolvidable, hazla realidad con Emi Experience.","robots":{"index":"index","follow":"follow","max-snippet":"max-snippet:-1","max-image-preview":"max-image-preview:large","max-video-preview":"max-video-preview:-1"},"canonical":"https:\/\/emiexperiencedubai.com\/en\/product\/dubai-dolphinarium-open-dated-tickets\/","og_locale":"en_US","og_type":"article","og_title":"Dubai Dolphinarium Open Dated Tickets | Emi Experience","og_description":"Dubai Dolphinarium Open Dated Tickets , una experiencia inolvidable, hazla realidad con Emi Experience.","og_url":"https:\/\/emiexperiencedubai.com\/en\/product\/dubai-dolphinarium-open-dated-tickets\/","og_site_name":"Emi Experience","article_modified_time":"2025-10-22T13:41:55+00:00","og_image":[{"width":1220,"height":831,"url":"https:\/\/emiexperiencedubai.com\/wp-content\/uploads\/2025\/09\/EmiExperience_Web_Back1.png","type":"image\/png"}],"twitter_card":"summary_large_image","twitter_misc":{"Est. reading time":"1 minute"},"schema":{"@context":"https:\/\/schema.org","@graph":[{"@type":"WebPage","@id":"https:\/\/emiexperiencedubai.com\/product\/dubai-dolphinarium-open-dated-tickets\/","url":"https:\/\/emiexperiencedubai.com\/product\/dubai-dolphinarium-open-dated-tickets\/","name":"Dubai Dolphinarium Open Dated Tickets | Emi Experience","isPartOf":{"@id":"https:\/\/emiexperiencedubai.com\/#website"},"primaryImageOfPage":{"@id":"https:\/\/emiexperiencedubai.com\/product\/dubai-dolphinarium-open-dated-tickets\/#primaryimage"},"image":{"@id":"https:\/\/emiexperiencedubai.com\/product\/dubai-dolphinarium-open-dated-tickets\/#primaryimage"},"thumbnailUrl":"https:\/\/emiexperiencedubai.com\/wp-content\/uploads\/2025\/09\/Dolphinarium-2-scaled.avif","datePublished":"2025-09-24T06:34:02+00:00","dateModified":"2025-10-22T13:41:55+00:00","description":"Dubai Dolphinarium Open Dated Tickets , una experiencia inolvidable, hazla realidad con Emi Experience.","breadcrumb":{"@id":"https:\/\/emiexperiencedubai.com\/product\/dubai-dolphinarium-open-dated-tickets\/#breadcrumb"},"inLanguage":"en-US","potentialAction":[{"@type":"ReadAction","target":["https:\/\/emiexperiencedubai.com\/product\/dubai-dolphinarium-open-dated-tickets\/"]}]},{"@type":"ImageObject","inLanguage":"en-US","@id":"https:\/\/emiexperiencedubai.com\/product\/dubai-dolphinarium-open-dated-tickets\/#primaryimage","url":"https:\/\/emiexperiencedubai.com\/wp-content\/uploads\/2025\/09\/Dolphinarium-2-scaled.avif","contentUrl":"https:\/\/emiexperiencedubai.com\/wp-content\/uploads\/2025\/09\/Dolphinarium-2-scaled.avif","width":2560,"height":1821},{"@type":"BreadcrumbList","@id":"https:\/\/emiexperiencedubai.com\/product\/dubai-dolphinarium-open-dated-tickets\/#breadcrumb","itemListElement":[{"@type":"ListItem","position":1,"name":"Portada","item":"https:\/\/emiexperiencedubai.com\/"},{"@type":"ListItem","position":2,"name":"Shop","item":"https:\/\/emiexperiencedubai.com\/shop\/"},{"@type":"ListItem","position":3,"name":"Dubai Dolphinarium Open Dated Tickets"}]},{"@type":"WebSite","@id":"https:\/\/emiexperiencedubai.com\/#website","url":"https:\/\/emiexperiencedubai.com\/","name":"Emi Experience - Dubai","description":"Mucho m\u00e1s que Viajar vive una experiencia","publisher":{"@id":"https:\/\/emiexperiencedubai.com\/#organization"},"alternateName":"Emi Experience","potentialAction":[{"@type":"SearchAction","target":{"@type":"EntryPoint","urlTemplate":"https:\/\/emiexperiencedubai.com\/?s={search_term_string}"},"query-input":{"@type":"PropertyValueSpecification","valueRequired":true,"valueName":"search_term_string"}}],"inLanguage":"en-US"},{"@type":"Organization","@id":"https:\/\/emiexperiencedubai.com\/#organization","name":"Emi Experience","url":"https:\/\/emiexperiencedubai.com\/","logo":{"@type":"ImageObject","inLanguage":"en-US","@id":"https:\/\/emiexperiencedubai.com\/#\/schema\/logo\/image\/","url":"https:\/\/emiexperiencedubai.com\/wp-content\/uploads\/2025\/07\/FaviconEmiExp.png","contentUrl":"https:\/\/emiexperiencedubai.com\/wp-content\/uploads\/2025\/07\/FaviconEmiExp.png","width":600,"height":600,"caption":"Emi Experience"},"image":{"@id":"https:\/\/emiexperiencedubai.com\/#\/schema\/logo\/image\/"},"sameAs":["https:\/\/www.instagram.com\/emi_experience_dubai\/"]}]}},"_links":{"self":[{"href":"https:\/\/emiexperiencedubai.com\/en\/wp-json\/wp\/v2\/product\/617","targetHints":{"allow":["GET"]}}],"collection":[{"href":"https:\/\/emiexperiencedubai.com\/en\/wp-json\/wp\/v2\/product"}],"about":[{"href":"https:\/\/emiexperiencedubai.com\/en\/wp-json\/wp\/v2\/types\/product"}],"replies":[{"embeddable":true,"href":"https:\/\/emiexperiencedubai.com\/en\/wp-json\/wp\/v2\/comments?post=617"}],"wp:featuredmedia":[{"embeddable":true,"href":"https:\/\/emiexperiencedubai.com\/en\/wp-json\/wp\/v2\/media\/621"}],"wp:attachment":[{"href":"https:\/\/emiexperiencedubai.com\/en\/wp-json\/wp\/v2\/media?parent=617"}],"wp:term":[{"taxonomy":"product_brand","embeddable":true,"href":"https:\/\/emiexperiencedubai.com\/en\/wp-json\/wp\/v2\/product_brand?post=617"},{"taxonomy":"product_cat","embeddable":true,"href":"https:\/\/emiexperiencedubai.com\/en\/wp-json\/wp\/v2\/product_cat?post=617"},{"taxonomy":"product_tag","embeddable":true,"href":"https:\/\/emiexperiencedubai.com\/en\/wp-json\/wp\/v2\/product_tag?post=617"}],"curies":[{"name":"wp","href":"https:\/\/api.w.org\/{rel}","templated":true}]}}